{"id":1946,"date":"2019-01-13T20:14:41","date_gmt":"2019-01-13T19:14:41","guid":{"rendered":"https:\/\/www.svpfaffenhofen.de\/?page_id=1946"},"modified":"2025-01-20T12:31:02","modified_gmt":"2025-01-20T11:31:02","slug":"rueckenfit-kurse","status":"publish","type":"page","link":"https:\/\/www.svpfaffenhofen.de\/?page_id=1946","title":{"rendered":"R\u00fcckenfit &#8211; Kurse k\u00f6nnen aus gesundheitlichen Gr\u00fcnden im Moment nicht angeboten werden."},"content":{"rendered":"\n<p><strong><em>Sobald ein neuer Kurs stattfindet, geben wir dies hier bekannt! Wir danken Euch f\u00fcr Euer Verst\u00e4ndnis!<\/em><\/strong><\/p>\n\n\n<p>DER Kurs f\u00fcr den gesunden R\u00fccken!<\/p>\n<p>belastbar, beweglich, kr\u00e4ftig \u2013 so muss ein gesunder (!) R\u00fccken sein.<\/p>\n<p>In meinem Kurs erlernt man \u00dcbungen zur Kr\u00e4ftigung der R\u00fcckenmuskulatur, die die Gleichgewichtsf\u00e4higkeit und das Koordinationsverm\u00f6gen f\u00f6rdert. Auch die eigene K\u00f6rperwahrnehmung kommt in meinem Kurs nicht zu kurz, damit man stabil und sicher durchs Leben gehen kann.<\/p>\n<p>Kursinhalt :<\/p>\n<p>&gt;\u00a0\u00a0\u00a0 \u00a0Kr\u00e4ftigung der Muskulatur<\/p>\n<p>&gt;\u00a0\u00a0\u00a0\u00a0 F\u00f6rderung des Gleichgewichts<\/p>\n<p>&gt;\u00a0\u00a0\u00a0\u00a0 Steigerung der Beweglichkeit<\/p>\n<p>&gt;\u00a0\u00a0\u00a0\u00a0 Schulung der K\u00f6rperwahrnehmung<\/p>\n<p>Kursdauer : \u00a0 \u00a0 \u00a0 \u00a0 \u00a0 \u00a0 \u00a0 \u00a0 8 Einheiten \u00e0 60 Minuten<\/p>\n<p>Kursgeb\u00fchr : \u00a0 \u00a0 \u00a0 \u00a0 \u00a0 \u00a0 \u00a0 45,- Euro f\u00fcr Mitglieder,\u00a060,- Euro f\u00fcr Nicht-Mitglieder<\/p>\n<p>Kurs-Termine : \u00a0 \u00a0 \u00a0 \u00a0 \u00a0\u00a0 evtl. Fr\u00fchjahr \/ Herbst 2025 \/ ggf. auf der Homepage sichtbar<\/p>\n<p>Die Teilnehmerzahl ist auf max. 22 Personen begrenzt<\/p>\n<p><strong><em>Anmeldung bei Anna-Lena Ruck unter der Tel-Nr.: 0175 4412399<\/em><\/strong><\/p>","protected":false},"excerpt":{"rendered":"<p>Sobald ein neuer Kurs stattfindet, geben wir dies hier bekannt! Wir danken Euch f\u00fcr Euer Verst\u00e4ndnis! DER Kurs f\u00fcr den gesunden R\u00fccken! belastbar, beweglich, kr\u00e4ftig \u2013 so muss ein gesunder (!) R\u00fccken sein. In meinem Kurs erlernt man \u00dcbungen zur&hellip; <\/p>\n","protected":false},"author":4,"featured_media":0,"parent":68,"menu_order":8,"comment_status":"closed","ping_status":"closed","template":"","meta":{"footnotes":""},"_links":{"self":[{"href":"https:\/\/www.svpfaffenhofen.de\/index.php?rest_route=\/wp\/v2\/pages\/1946"}],"collection":[{"href":"https:\/\/www.svpfaffenhofen.de\/index.php?rest_route=\/wp\/v2\/pages"}],"about":[{"href":"https:\/\/www.svpfaffenhofen.de\/index.php?rest_route=\/wp\/v2\/types\/page"}],"author":[{"embeddable":true,"href":"https:\/\/www.svpfaffenhofen.de\/index.php?rest_route=\/wp\/v2\/users\/4"}],"replies":[{"embeddable":true,"href":"https:\/\/www.svpfaffenhofen.de\/index.php?rest_route=%2Fwp%2Fv2%2Fcomments&post=1946"}],"version-history":[{"count":6,"href":"https:\/\/www.svpfaffenhofen.de\/index.php?rest_route=\/wp\/v2\/pages\/1946\/revisions"}],"predecessor-version":[{"id":3061,"href":"https:\/\/www.svpfaffenhofen.de\/index.php?rest_route=\/wp\/v2\/pages\/1946\/revisions\/3061"}],"up":[{"embeddable":true,"href":"https:\/\/www.svpfaffenhofen.de\/index.php?rest_route=\/wp\/v2\/pages\/68"}],"wp:attachment":[{"href":"https:\/\/www.svpfaffenhofen.de\/index.php?rest_route=%2Fwp%2Fv2%2Fmedia&parent=1946"}],"curies":[{"name":"wp","href":"https:\/\/api.w.org\/{rel}","templated":true}]}}