{"id":1952,"date":"2019-01-13T20:31:03","date_gmt":"2019-01-13T19:31:03","guid":{"rendered":"https:\/\/www.svpfaffenhofen.de\/?page_id=1952"},"modified":"2025-01-20T12:06:30","modified_gmt":"2025-01-20T11:06:30","slug":"maenner-fitness-ue50","status":"publish","type":"page","link":"https:\/\/www.svpfaffenhofen.de\/?page_id=1952","title":{"rendered":"Fitness Training M\u00e4nner \u00dc50"},"content":{"rendered":"<p><strong>60 min gezieltes Fitnesstraining mit einer gesunden Portion Spa\u00df beim Sport. Jede Woche f\u00fcr einen gesunden K\u00f6rper in der Halle oder am Kleinfeldplatz.<\/strong><\/p>\n<p><strong>Angebot:<a href=\"https:\/\/www.svpfaffenhofen.de\/wp-content\/uploads\/2019\/01\/kettlebell-2052765_1920.jpg\"><img loading=\"lazy\" decoding=\"async\" class=\"wp-image-1958 size-medium alignright\" src=\"https:\/\/www.svpfaffenhofen.de\/wp-content\/uploads\/2019\/01\/kettlebell-2052765_1920-300x199.jpg\" alt=\"\" width=\"300\" height=\"199\" srcset=\"https:\/\/www.svpfaffenhofen.de\/wp-content\/uploads\/2019\/01\/kettlebell-2052765_1920-300x199.jpg 300w, https:\/\/www.svpfaffenhofen.de\/wp-content\/uploads\/2019\/01\/kettlebell-2052765_1920-768x510.jpg 768w, https:\/\/www.svpfaffenhofen.de\/wp-content\/uploads\/2019\/01\/kettlebell-2052765_1920-1024x680.jpg 1024w, https:\/\/www.svpfaffenhofen.de\/wp-content\/uploads\/2019\/01\/kettlebell-2052765_1920.jpg 1920w\" sizes=\"(max-width: 300px) 100vw, 300px\" \/><\/a><\/strong><\/p>\n<p>60 Minuten Fitness zur F\u00f6rderung der Beweglichkeit, St\u00e4rkung der Muskulatur und des Herz-Kreislauf-Systems in einer spielerischen Atmosph\u00e4re.<\/p>\n<p><strong>Ziel:<\/strong><\/p>\n<p>Verbesserung der k\u00f6rperlichen F\u00e4higkeiten, besonders Beweglichkeit und Muskulatur, Spa\u00df am Sport<\/p>\n<p><strong>Zielgruppe:<\/strong><\/p>\n<p>M\u00e4nner \u00dc50, die Freude am Sport haben und ihre Fitness erhalten oder wieder gewinnen m\u00f6chten<\/p>\n<p><strong>\u00dcbungsleiter:<\/strong><\/p>\n<p>J\u00fcrgen Klieber (BLSV Zertifikat \u00dcbungsleiter-C Breitensport und \u00dcbungsleiter-B Sport in der Pr\u00e4vention, Schwerpunkt Haltung und Bewegung)<\/p>\n<p>E-Mail: <a href=\"klieber-vorstand-svp@web.de\">klieber-vorstand-svp@web.de<\/a><\/p>\n<p><strong>Aktuelle Zeiten: <\/strong><\/p>\n<p>Winterzeit: Mittwochs 18:30 Uhr &#8211; 19:30 Uhr<\/p>\n<p><strong>Ort:<\/strong><\/p>\n<p>Schulturn- \/Mehrzweckhalle Pfaffenhofen<\/p>\n","protected":false},"excerpt":{"rendered":"<p>60 min gezieltes Fitnesstraining mit einer gesunden Portion Spa\u00df beim Sport. Jede Woche f\u00fcr einen gesunden K\u00f6rper in der Halle oder am Kleinfeldplatz. Angebot: 60 Minuten Fitness zur F\u00f6rderung der Beweglichkeit, St\u00e4rkung der Muskulatur und des Herz-Kreislauf-Systems in einer spielerischen&hellip; <\/p>\n","protected":false},"author":4,"featured_media":0,"parent":68,"menu_order":4,"comment_status":"closed","ping_status":"closed","template":"","meta":{"footnotes":""},"_links":{"self":[{"href":"https:\/\/www.svpfaffenhofen.de\/index.php?rest_route=\/wp\/v2\/pages\/1952"}],"collection":[{"href":"https:\/\/www.svpfaffenhofen.de\/index.php?rest_route=\/wp\/v2\/pages"}],"about":[{"href":"https:\/\/www.svpfaffenhofen.de\/index.php?rest_route=\/wp\/v2\/types\/page"}],"author":[{"embeddable":true,"href":"https:\/\/www.svpfaffenhofen.de\/index.php?rest_route=\/wp\/v2\/users\/4"}],"replies":[{"embeddable":true,"href":"https:\/\/www.svpfaffenhofen.de\/index.php?rest_route=%2Fwp%2Fv2%2Fcomments&post=1952"}],"version-history":[{"count":11,"href":"https:\/\/www.svpfaffenhofen.de\/index.php?rest_route=\/wp\/v2\/pages\/1952\/revisions"}],"predecessor-version":[{"id":3049,"href":"https:\/\/www.svpfaffenhofen.de\/index.php?rest_route=\/wp\/v2\/pages\/1952\/revisions\/3049"}],"up":[{"embeddable":true,"href":"https:\/\/www.svpfaffenhofen.de\/index.php?rest_route=\/wp\/v2\/pages\/68"}],"wp:attachment":[{"href":"https:\/\/www.svpfaffenhofen.de\/index.php?rest_route=%2Fwp%2Fv2%2Fmedia&parent=1952"}],"curies":[{"name":"wp","href":"https:\/\/api.w.org\/{rel}","templated":true}]}}