{"id":27,"date":"2016-04-14T10:49:04","date_gmt":"2016-04-14T08:49:04","guid":{"rendered":"http:\/\/svpfaffenhofen.de\/?page_id=27"},"modified":"2026-04-12T15:03:37","modified_gmt":"2026-04-12T13:03:37","slug":"der-verein","status":"publish","type":"page","link":"https:\/\/www.svpfaffenhofen.de\/","title":{"rendered":"Der Verein"},"content":{"rendered":"<div style=\"text-align: left;\">\n<p><strong>Herzlich Willkommen beim SV Pfaffenhofen e.V.<\/strong><\/p>\n<\/div>\n<div style=\"text-align: left;\"><img loading=\"lazy\" decoding=\"async\" class=\"wp-image-511 alignright\" src=\"https:\/\/www.svpfaffenhofen.de\/wp-content\/uploads\/2016\/04\/logo_2016.jpg\" alt=\"logo_2016_pf\" width=\"191\" height=\"220\" \/><\/div>\n<div style=\"text-align: left;\">\u00a0<\/div>\n<div style=\"text-align: left;\">\n<p>Unser\u00a0SV Pfaffenhofen e.V. ist ein famili\u00e4r gepr\u00e4gter, innovativer Sportverein,\u00a0der im n\u00f6rdlichen Vorort der mittelfr\u00e4nkischen Kreisstadt Roth liegt.<\/p>\n<p>Wir bieten neben einer gepflegten, im Eigentum befindlichen Sportanlage, ein breit gef\u00e4chertes Sportangebot mit qualifizierten und hoch motivierten \u00dcbungsleiter*innen und Trainer*innen. Nat\u00fcrlich ist uns auch das gesellige Vereinsleben sehr wichtig und wird zum einen von unserer hervorragenden Theatergruppe gepr\u00e4gt, zum anderen aber auch von zahlreichen Veranstaltungen.<\/p>\n<\/div>\n<div style=\"text-align: left;\">\u00a0<\/div>\n<div style=\"text-align: left;\">\u00a0<\/div>\n<div style=\"text-align: left;\">\u00a0<\/div>\n<div style=\"text-align: left;\"><strong>Trainer*innen und \u00dcbungsleiter*innen gesucht<\/strong><\/div>\n<div style=\"text-align: left;\">\u00a0<\/div>\n<div style=\"text-align: left;\">Wir sind immer auf der Suche nach neuen Trainer*innen und \u00dcbungsleiter*innen f\u00fcr alle Sportarten.<br \/>Wer einen qualifizierten Lehrgang vom BLSV absolvieren m\u00f6chte, kann sich bei der 1. Vorsitzenden Tanja Gerner erkundigen (Mail: <a href=\"mailto:klieber-vorstand-svp@web.de\">mail@svpfaffenhofen.de<\/a>).<\/div>\n<div>\u00a0<\/div>\n<div>\u00a0<\/div>\n<div>\u00a0<\/div>\n<div>\u00a0<\/div>\n<div style=\"text-align: left;\"><strong>Wir sind Mitglied<\/strong><\/div>\n<div>im <em>Bayerischen Landes-Sportverband<\/em> (BLSV) und im <em>Bayerischen Fu\u00dfball-Verband<\/em> (BFV)<\/div>\n<div>\u00a0<\/div>\n<p style=\"text-align: center;\"><a href=\"https:\/\/www.svpfaffenhofen.de\/wp-content\/uploads\/2018\/11\/logo_BLSV.gif\"><img loading=\"lazy\" decoding=\"async\" class=\"size-full wp-image-1924 alignright\" src=\"https:\/\/www.svpfaffenhofen.de\/wp-content\/uploads\/2018\/11\/logo_BLSV.gif\" alt=\"\" width=\"286\" height=\"98\" \/><\/a><\/p>\n\n\n<figure class=\"wp-block-image size-large\"><img loading=\"lazy\" decoding=\"async\" width=\"1024\" height=\"828\" src=\"https:\/\/www.svpfaffenhofen.de\/wp-content\/uploads\/2026\/01\/img_807301-1-1024x828.jpg\" alt=\"\" class=\"wp-image-3214\" srcset=\"https:\/\/www.svpfaffenhofen.de\/wp-content\/uploads\/2026\/01\/img_807301-1-1024x828.jpg 1024w, https:\/\/www.svpfaffenhofen.de\/wp-content\/uploads\/2026\/01\/img_807301-1-300x243.jpg 300w, https:\/\/www.svpfaffenhofen.de\/wp-content\/uploads\/2026\/01\/img_807301-1-768x621.jpg 768w, https:\/\/www.svpfaffenhofen.de\/wp-content\/uploads\/2026\/01\/img_807301-1-1536x1243.jpg 1536w, https:\/\/www.svpfaffenhofen.de\/wp-content\/uploads\/2026\/01\/img_807301-1-2048x1657.jpg 2048w\" sizes=\"(max-width: 1024px) 100vw, 1024px\" \/><\/figure>\n\n\n\n<h2 class=\"wp-block-heading\">Unsere neue Vorstandschaft 2026 \/ 2027 <\/h2>\n","protected":false},"excerpt":{"rendered":"<p>Herzlich Willkommen beim SV Pfaffenhofen e.V. \u00a0 Unser\u00a0SV Pfaffenhofen e.V. ist ein famili\u00e4r gepr\u00e4gter, innovativer Sportverein,\u00a0der im n\u00f6rdlichen Vorort der mittelfr\u00e4nkischen Kreisstadt Roth liegt. Wir bieten neben einer gepflegten, im Eigentum befindlichen Sportanlage, ein breit gef\u00e4chertes Sportangebot mit qualifizierten und&hellip; <\/p>\n","protected":false},"author":1,"featured_media":0,"parent":0,"menu_order":0,"comment_status":"closed","ping_status":"closed","template":"","meta":{"footnotes":""},"_links":{"self":[{"href":"https:\/\/www.svpfaffenhofen.de\/index.php?rest_route=\/wp\/v2\/pages\/27"}],"collection":[{"href":"https:\/\/www.svpfaffenhofen.de\/index.php?rest_route=\/wp\/v2\/pages"}],"about":[{"href":"https:\/\/www.svpfaffenhofen.de\/index.php?rest_route=\/wp\/v2\/types\/page"}],"author":[{"embeddable":true,"href":"https:\/\/www.svpfaffenhofen.de\/index.php?rest_route=\/wp\/v2\/users\/1"}],"replies":[{"embeddable":true,"href":"https:\/\/www.svpfaffenhofen.de\/index.php?rest_route=%2Fwp%2Fv2%2Fcomments&post=27"}],"version-history":[{"count":60,"href":"https:\/\/www.svpfaffenhofen.de\/index.php?rest_route=\/wp\/v2\/pages\/27\/revisions"}],"predecessor-version":[{"id":3251,"href":"https:\/\/www.svpfaffenhofen.de\/index.php?rest_route=\/wp\/v2\/pages\/27\/revisions\/3251"}],"wp:attachment":[{"href":"https:\/\/www.svpfaffenhofen.de\/index.php?rest_route=%2Fwp%2Fv2%2Fmedia&parent=27"}],"curies":[{"name":"wp","href":"https:\/\/api.w.org\/{rel}","templated":true}]}}