{"id":40,"date":"2016-04-14T11:04:59","date_gmt":"2016-04-14T09:04:59","guid":{"rendered":"http:\/\/svpfaffenhofen.de\/?page_id=40"},"modified":"2022-10-11T14:36:56","modified_gmt":"2022-10-11T12:36:56","slug":"aerobic-step-aerobic","status":"publish","type":"page","link":"https:\/\/www.svpfaffenhofen.de\/?page_id=40","title":{"rendered":"Aerobic \/ Step-Aerobic \/ BBP"},"content":{"rendered":"<p style=\"text-align: left;\"><img loading=\"lazy\" decoding=\"async\" class=\"alignnone wp-image-2596 size-medium\" src=\"https:\/\/www.svpfaffenhofen.de\/wp-content\/uploads\/2022\/01\/Aerobic-exercise-cover-1-300x200.jpg\" alt=\"\" width=\"300\" height=\"200\" srcset=\"https:\/\/www.svpfaffenhofen.de\/wp-content\/uploads\/2022\/01\/Aerobic-exercise-cover-1-300x200.jpg 300w, https:\/\/www.svpfaffenhofen.de\/wp-content\/uploads\/2022\/01\/Aerobic-exercise-cover-1-768x512.jpg 768w, https:\/\/www.svpfaffenhofen.de\/wp-content\/uploads\/2022\/01\/Aerobic-exercise-cover-1.jpg 1000w\" sizes=\"(max-width: 300px) 100vw, 300px\" \/><\/p>\n<p style=\"text-align: left;\">Ob beim Aerobic, Step Aerobic oder einer Bauch-Beine-Po-Stunde, es werden verschiedene Zonen trainiert und somit das K\u00f6rpergef\u00fchl, die Ausdauer und Kraft verbessert.<\/p>\n<p style=\"text-align: left;\">Durch den w\u00f6chentlichen Wechsel, habt Ihr die M\u00f6glichkeit, die verschiedenen Sportarten kennenzulernen, auszuprobieren und unterschiedliche Intensit\u00e4ten zu erleben. Zur Abwechslung geh\u00f6ren im Sommer auch Trainingseinheiten im Freien oder wir Walken durch den Pfaffenhofener Wald.<\/p>\n<table style=\"height: 176px;\" width=\"554\">\n<tbody>\n<tr>\n<td>Wann und Wo?<\/td>\n<td>Donnerstag 19:30 &#8211; 20:30 Uhr<br \/>\nMehrzweckhalle Pfaffenhofen<\/p>\n<p>(im Sommer teilweise Beginn schon um 19:00 Uhr)<\/td>\n<\/tr>\n<tr>\n<td>Wer?<\/td>\n<td>Tanja Gerner \/ 09172-667660 oder 0151-19668818 (gerne auch WhatsApp)<\/td>\n<\/tr>\n<\/tbody>\n<\/table>\n","protected":false},"excerpt":{"rendered":"<p>Ob beim Aerobic, Step Aerobic oder einer Bauch-Beine-Po-Stunde, es werden verschiedene Zonen trainiert und somit das K\u00f6rpergef\u00fchl, die Ausdauer und Kraft verbessert. Durch den w\u00f6chentlichen Wechsel, habt Ihr die M\u00f6glichkeit, die verschiedenen Sportarten kennenzulernen, auszuprobieren und unterschiedliche Intensit\u00e4ten zu erleben.&hellip; <\/p>\n","protected":false},"author":1,"featured_media":133,"parent":68,"menu_order":0,"comment_status":"closed","ping_status":"closed","template":"","meta":{"footnotes":""},"_links":{"self":[{"href":"https:\/\/www.svpfaffenhofen.de\/index.php?rest_route=\/wp\/v2\/pages\/40"}],"collection":[{"href":"https:\/\/www.svpfaffenhofen.de\/index.php?rest_route=\/wp\/v2\/pages"}],"about":[{"href":"https:\/\/www.svpfaffenhofen.de\/index.php?rest_route=\/wp\/v2\/types\/page"}],"author":[{"embeddable":true,"href":"https:\/\/www.svpfaffenhofen.de\/index.php?rest_route=\/wp\/v2\/users\/1"}],"replies":[{"embeddable":true,"href":"https:\/\/www.svpfaffenhofen.de\/index.php?rest_route=%2Fwp%2Fv2%2Fcomments&post=40"}],"version-history":[{"count":13,"href":"https:\/\/www.svpfaffenhofen.de\/index.php?rest_route=\/wp\/v2\/pages\/40\/revisions"}],"predecessor-version":[{"id":2751,"href":"https:\/\/www.svpfaffenhofen.de\/index.php?rest_route=\/wp\/v2\/pages\/40\/revisions\/2751"}],"up":[{"embeddable":true,"href":"https:\/\/www.svpfaffenhofen.de\/index.php?rest_route=\/wp\/v2\/pages\/68"}],"wp:featuredmedia":[{"embeddable":true,"href":"https:\/\/www.svpfaffenhofen.de\/index.php?rest_route=\/wp\/v2\/media\/133"}],"wp:attachment":[{"href":"https:\/\/www.svpfaffenhofen.de\/index.php?rest_route=%2Fwp%2Fv2%2Fmedia&parent=40"}],"curies":[{"name":"wp","href":"https:\/\/api.w.org\/{rel}","templated":true}]}}