{"id":42,"date":"2016-04-14T11:05:25","date_gmt":"2016-04-14T09:05:25","guid":{"rendered":"http:\/\/svpfaffenhofen.de\/?page_id=42"},"modified":"2023-12-30T19:32:59","modified_gmt":"2023-12-30T18:32:59","slug":"basketball","status":"publish","type":"page","link":"https:\/\/www.svpfaffenhofen.de\/?page_id=42","title":{"rendered":"Basketball"},"content":{"rendered":"<div class=\"entry-content clearfix\">\n<p><a href=\"http:\/\/svpfaffenhofen.de\/wp-content\/uploads\/2016\/04\/IMG_7475.jpg\"><img loading=\"lazy\" decoding=\"async\" class=\"alignnone wp-image-748 size-large\" src=\"http:\/\/svpfaffenhofen.de\/wp-content\/uploads\/2016\/04\/IMG_7475-1024x683.jpg\" alt=\"img_7475\" width=\"700\" height=\"467\" srcset=\"https:\/\/www.svpfaffenhofen.de\/wp-content\/uploads\/2016\/04\/IMG_7475-1024x683.jpg 1024w, https:\/\/www.svpfaffenhofen.de\/wp-content\/uploads\/2016\/04\/IMG_7475-300x200.jpg 300w, https:\/\/www.svpfaffenhofen.de\/wp-content\/uploads\/2016\/04\/IMG_7475-768x512.jpg 768w\" sizes=\"(max-width: 700px) 100vw, 700px\" \/><\/a><\/p>\n<p>Unsere <b>Basketballer <\/b>w\u00fcrden sich \u00fcber Zuwachs freuen.<\/p>\n<p>Trainiert wird in der Mehrzweckhalle der Grundschule Pfaffenhofen, Tillystra\u00dfe 50, 91154 Roth-Pfaffenhofen.<\/p>\n<p>Besuch gerne auch unsere <a href=\"https:\/\/www.facebook.com\/SVP1949Basketball\/?fref=nf&amp;pnref=story\" target=\"_blank\" rel=\"noopener\">Facebook-Seite&#8230;<\/a><\/p>\n<\/div>\n<div class=\"entry-content clearfix\">\n<table style=\"height: 351px;\" width=\"493\">\n<tbody>\n<tr>\n<td><strong>Trainings-zeiten<\/strong><\/td>\n<td>Freitag: 17:00 &#8211; 18:30 Uhr\u00a0in der Mehrzweckhalle Pfaffenhofen<\/td>\n<\/tr>\n<tr>\n<td><strong>\u00dcbungsleiterin<\/strong><\/td>\n<td>Elena Tondo<br \/>\n<a href=\"mailto:ballsport@svpfaffenhofen.de\">ballsport@svpfaffenhofen.de<\/a><\/p>\n<p><img loading=\"lazy\" decoding=\"async\" class=\"alignnone  wp-image-2621\" src=\"https:\/\/www.svpfaffenhofen.de\/wp-content\/uploads\/2022\/02\/elena-zwingel-200x300-1-1.jpg\" alt=\"\" width=\"130\" height=\"195\" \/><\/td>\n<\/tr>\n<\/tbody>\n<\/table>\n<\/div>\n<p><a href=\"http:\/\/svpfaffenhofen.de\/wp-content\/uploads\/2016\/04\/Aufnahme-SV-Pfaffenhofen-1949-e.V..pdf\" rel=\"\">Aufnahme SV Pfaffenhofen 1949 e.V.<\/a><\/p>\n","protected":false},"excerpt":{"rendered":"<p>Unsere Basketballer w\u00fcrden sich \u00fcber Zuwachs freuen. Trainiert wird in der Mehrzweckhalle der Grundschule Pfaffenhofen, Tillystra\u00dfe 50, 91154 Roth-Pfaffenhofen. Besuch gerne auch unsere Facebook-Seite&#8230; Trainings-zeiten Freitag: 17:00 &#8211; 18:30 Uhr\u00a0in der Mehrzweckhalle Pfaffenhofen \u00dcbungsleiterin Elena Tondo ballsport@svpfaffenhofen.de Aufnahme SV Pfaffenhofen&hellip; <\/p>\n","protected":false},"author":1,"featured_media":0,"parent":38,"menu_order":0,"comment_status":"closed","ping_status":"closed","template":"","meta":{"footnotes":""},"_links":{"self":[{"href":"https:\/\/www.svpfaffenhofen.de\/index.php?rest_route=\/wp\/v2\/pages\/42"}],"collection":[{"href":"https:\/\/www.svpfaffenhofen.de\/index.php?rest_route=\/wp\/v2\/pages"}],"about":[{"href":"https:\/\/www.svpfaffenhofen.de\/index.php?rest_route=\/wp\/v2\/types\/page"}],"author":[{"embeddable":true,"href":"https:\/\/www.svpfaffenhofen.de\/index.php?rest_route=\/wp\/v2\/users\/1"}],"replies":[{"embeddable":true,"href":"https:\/\/www.svpfaffenhofen.de\/index.php?rest_route=%2Fwp%2Fv2%2Fcomments&post=42"}],"version-history":[{"count":19,"href":"https:\/\/www.svpfaffenhofen.de\/index.php?rest_route=\/wp\/v2\/pages\/42\/revisions"}],"predecessor-version":[{"id":2927,"href":"https:\/\/www.svpfaffenhofen.de\/index.php?rest_route=\/wp\/v2\/pages\/42\/revisions\/2927"}],"up":[{"embeddable":true,"href":"https:\/\/www.svpfaffenhofen.de\/index.php?rest_route=\/wp\/v2\/pages\/38"}],"wp:attachment":[{"href":"https:\/\/www.svpfaffenhofen.de\/index.php?rest_route=%2Fwp%2Fv2%2Fmedia&parent=42"}],"curies":[{"name":"wp","href":"https:\/\/api.w.org\/{rel}","templated":true}]}}