{"id":56,"date":"2016-04-14T11:09:26","date_gmt":"2016-04-14T09:09:26","guid":{"rendered":"http:\/\/svpfaffenhofen.de\/?page_id=56"},"modified":"2024-10-03T16:26:28","modified_gmt":"2024-10-03T14:26:28","slug":"3-6-jahre","status":"publish","type":"page","link":"https:\/\/www.svpfaffenhofen.de\/?page_id=56","title":{"rendered":"4 Jahre &#8211; 1. Klasse"},"content":{"rendered":"<p><img loading=\"lazy\" decoding=\"async\" class=\"size-full wp-image-415 alignleft\" src=\"http:\/\/svpfaffenhofen.de\/wp-content\/uploads\/2016\/04\/Turnen.jpg\" alt=\"Turnen\" width=\"314\" height=\"223\" \/>In dieser Gruppe wird u.a. Beweglichkeit, Muskelaufbau und Koordination trainiert, wobei die Freude am Turnen und das Heranf\u00fchren an die Bewegung im Vordergrund stehen.<\/p>\n<p>Durch die Ausstattung der Mehrzweckhalle in Pfaffenhofen gibt es viele verschiedene M\u00f6glichkeiten die Kinder f\u00fcr den Spa\u00df am Sport zu begeistern. U.a. werden Bewegungsbaustellen aufgebaut, um mit den Kindern verschiedene Muskeln oder F\u00e4higkeiten zu trainieren.<\/p>\n<p>&nbsp;<\/p>\n<table>\n<tbody>\n<tr>\n<td>\u00dcbungszeit<\/td>\n<td>Montag\u00a016:00 -17:00 Uhr<br \/>\nMehrzweckhalle Pfaffenhofen<\/td>\n<\/tr>\n<tr>\n<td>\u00dcbungsleiterin<\/td>\n<td>Sibylle Meyer<br \/>\nTel. 0170 4077965<br \/>\nMail: <a href=\"mailto:gymnastik@svpfaffenhofen.de\">gymnastik@svpfaffenhofen.de<\/a><\/td>\n<\/tr>\n<\/tbody>\n<\/table>\n","protected":false},"excerpt":{"rendered":"<p>In dieser Gruppe wird u.a. Beweglichkeit, Muskelaufbau und Koordination trainiert, wobei die Freude am Turnen und das Heranf\u00fchren an die Bewegung im Vordergrund stehen. Durch die Ausstattung der Mehrzweckhalle in Pfaffenhofen gibt es viele verschiedene M\u00f6glichkeiten die Kinder f\u00fcr den&hellip; <\/p>\n","protected":false},"author":1,"featured_media":0,"parent":52,"menu_order":0,"comment_status":"closed","ping_status":"closed","template":"","meta":{"footnotes":""},"_links":{"self":[{"href":"https:\/\/www.svpfaffenhofen.de\/index.php?rest_route=\/wp\/v2\/pages\/56"}],"collection":[{"href":"https:\/\/www.svpfaffenhofen.de\/index.php?rest_route=\/wp\/v2\/pages"}],"about":[{"href":"https:\/\/www.svpfaffenhofen.de\/index.php?rest_route=\/wp\/v2\/types\/page"}],"author":[{"embeddable":true,"href":"https:\/\/www.svpfaffenhofen.de\/index.php?rest_route=\/wp\/v2\/users\/1"}],"replies":[{"embeddable":true,"href":"https:\/\/www.svpfaffenhofen.de\/index.php?rest_route=%2Fwp%2Fv2%2Fcomments&post=56"}],"version-history":[{"count":8,"href":"https:\/\/www.svpfaffenhofen.de\/index.php?rest_route=\/wp\/v2\/pages\/56\/revisions"}],"predecessor-version":[{"id":3017,"href":"https:\/\/www.svpfaffenhofen.de\/index.php?rest_route=\/wp\/v2\/pages\/56\/revisions\/3017"}],"up":[{"embeddable":true,"href":"https:\/\/www.svpfaffenhofen.de\/index.php?rest_route=\/wp\/v2\/pages\/52"}],"wp:attachment":[{"href":"https:\/\/www.svpfaffenhofen.de\/index.php?rest_route=%2Fwp%2Fv2%2Fmedia&parent=56"}],"curies":[{"name":"wp","href":"https:\/\/api.w.org\/{rel}","templated":true}]}}