{"id":64,"date":"2026-01-17T12:35:20","date_gmt":"2026-01-17T11:35:20","guid":{"rendered":"http:\/\/svpfaffenhofen.de\/?page_id=64"},"modified":"2026-01-17T12:35:21","modified_gmt":"2026-01-17T11:35:21","slug":"theater","status":"publish","type":"page","link":"https:\/\/www.svpfaffenhofen.de\/?page_id=64","title":{"rendered":"Theater"},"content":{"rendered":"<div class=\"wp-block-image\">\n<figure class=\"alignleft is-resized\"><img loading=\"lazy\" decoding=\"async\" width=\"8600\" height=\"5101\" src=\"http:\/\/svpfaffenhofen.de\/wp-content\/uploads\/2016\/04\/theater_masks_silhouette.png\" alt=\"theater_masks_silhouette\" class=\"wp-image-429\" style=\"width:174px;height:102px\" srcset=\"https:\/\/www.svpfaffenhofen.de\/wp-content\/uploads\/2016\/04\/theater_masks_silhouette.png 8600w, https:\/\/www.svpfaffenhofen.de\/wp-content\/uploads\/2016\/04\/theater_masks_silhouette-300x178.png 300w, https:\/\/www.svpfaffenhofen.de\/wp-content\/uploads\/2016\/04\/theater_masks_silhouette-768x456.png 768w, https:\/\/www.svpfaffenhofen.de\/wp-content\/uploads\/2016\/04\/theater_masks_silhouette-1024x607.png 1024w\" sizes=\"(max-width: 8600px) 100vw, 8600px\" \/><\/figure><\/div>\n\n\n<p>Wir strapazieren im Oktober wieder Eure Lachmuskeln! <\/p>\n\n\n\n<p>Aktuelle Termine f\u00fcr 2026<\/p>\n\n\n\n<p><strong>09. \/ 10 \/ 11.10. sowie 16. \/ 17. \/ 18.10. und 23. \/ 24.10.2026<\/strong><\/p>\n\n\n\n<p>N\u00e4here Infos zum Kartenvorverkauf zeitnah! <\/p>\n\n\n\n<figure class=\"wp-block-table\"><table><tbody><tr><td>Marianne&nbsp;Petermann<\/td><td>J\u00fcrgen Meier<\/td><td>Vanessa Popp<\/td><\/tr><tr><td>Petra Schr\u00f6del<\/td><td>Peter Krieger<\/td><td>Tina Hartmann-H&#8217;Lawatscheck<\/td><\/tr><tr><td>Fred Rauch<\/td><td>Heidi Zeidler<\/td><td>Daniel Popp<\/td><\/tr><tr><td>Tanja Gerner<\/td><td>Julia Hassler<\/td><td>Christian G\u00fcttler   <\/td><\/tr><tr><td>Sabine Volkert<\/td><td>Walter Winkler<\/td><td><\/td><\/tr><\/tbody><\/table><\/figure>\n\n\n\n<!--nextpage-->\n\n\n<p><img loading=\"lazy\" decoding=\"async\" class=\"wp-image-429 alignleft\" src=\"http:\/\/svpfaffenhofen.de\/wp-content\/uploads\/2016\/04\/theater_masks_silhouette.png\" alt=\"theater_masks_silhouette\" width=\"274\" height=\"162\" srcset=\"https:\/\/www.svpfaffenhofen.de\/wp-content\/uploads\/2016\/04\/theater_masks_silhouette.png 8600w, https:\/\/www.svpfaffenhofen.de\/wp-content\/uploads\/2016\/04\/theater_masks_silhouette-300x178.png 300w, https:\/\/www.svpfaffenhofen.de\/wp-content\/uploads\/2016\/04\/theater_masks_silhouette-768x456.png 768w, https:\/\/www.svpfaffenhofen.de\/wp-content\/uploads\/2016\/04\/theater_masks_silhouette-1024x607.png 1024w\" sizes=\"(max-width: 274px) 100vw, 274px\" \/>Die Theatergruppe des SV Pfaffenhofen f\u00fchrt alle zwei Jahre ein Theaterst\u00fcck auf.<\/p>\n<h2><img loading=\"lazy\" decoding=\"async\" class=\"wp-image-2705 aligncenter\" src=\"https:\/\/www.svpfaffenhofen.de\/wp-content\/uploads\/2022\/09\/freigabe_neu-Plakat-2022-210x300.jpg\" alt=\"\" width=\"274\" height=\"391\" srcset=\"https:\/\/www.svpfaffenhofen.de\/wp-content\/uploads\/2022\/09\/freigabe_neu-Plakat-2022-210x300.jpg 210w, https:\/\/www.svpfaffenhofen.de\/wp-content\/uploads\/2022\/09\/freigabe_neu-Plakat-2022-718x1024.jpg 718w, https:\/\/www.svpfaffenhofen.de\/wp-content\/uploads\/2022\/09\/freigabe_neu-Plakat-2022-768x1095.jpg 768w, https:\/\/www.svpfaffenhofen.de\/wp-content\/uploads\/2022\/09\/freigabe_neu-Plakat-2022-1077x1536.jpg 1077w, https:\/\/www.svpfaffenhofen.de\/wp-content\/uploads\/2022\/09\/freigabe_neu-Plakat-2022-1437x2048.jpg 1437w, https:\/\/www.svpfaffenhofen.de\/wp-content\/uploads\/2022\/09\/freigabe_neu-Plakat-2022-scaled.jpg 1796w\" sizes=\"(max-width: 274px) 100vw, 274px\" \/><\/h2>\n<p><em><strong>Was f\u00fcr ein erfolgreicher Start in die neue Theater Saison!<\/strong><\/em><\/p>\n<p>Das erste Wochenende unserer Auff\u00fchrungen ist vor\u00fcber und was sollen wir sagen &#8211; wir sind begeistert. Ein tolles Publikum und der Applaus, hat uns an allen drei Tagen gezeigt, wof\u00fcr sich all die unz\u00e4hligen Stunden des \u00dcbens gelohnt haben. Wir freuen uns riesig auf die noch kommenden Vorstellungen und danken allen unseren G\u00f6nnern und vielen unz\u00e4hligen Personen f\u00fcr die Unterst\u00fctzung.<\/p>\n<p>Eure Theatergruppe<\/p>\n<p>Theatergruppe:<\/p>\n<table style=\"height: 104px;\" width=\"579\">\n<tbody>\n<tr>\n<td>\u00a0Marianne\u00a0Petermann<\/td>\n<td>J\u00fcrgen Meier<\/td>\n<td>Vanessa Rauch<\/td>\n<\/tr>\n<tr>\n<td>Elfi Heinisch<\/td>\n<td>Peter Krieger<\/td>\n<td>Tina Hartmann-H&#8217;Lawatscheck<\/td>\n<\/tr>\n<tr>\n<td>Fred Rauch<\/td>\n<td>Heidi Zeidler<\/td>\n<td>Daniel Popp<\/td>\n<\/tr>\n<tr>\n<td>Tanja Gerner<\/td>\n<td>Petra Schr\u00f6del<\/td>\n<td>Norbert Vasold<\/td>\n<\/tr>\n<\/tbody>\n<\/table>\n\n\n\n<div class=\"wp-block-image\">\n<figure class=\"aligncenter\"><a href=\"https:\/\/www.svpfaffenhofen.de\/wp-content\/uploads\/2018\/08\/plakat_A3_web-1.jpg\"><img loading=\"lazy\" decoding=\"async\" width=\"724\" height=\"1024\" src=\"https:\/\/www.svpfaffenhofen.de\/wp-content\/uploads\/2018\/08\/plakat_A3_web-1-724x1024.jpg\" alt=\"\" class=\"wp-image-1832\" srcset=\"https:\/\/www.svpfaffenhofen.de\/wp-content\/uploads\/2018\/08\/plakat_A3_web-1-724x1024.jpg 724w, https:\/\/www.svpfaffenhofen.de\/wp-content\/uploads\/2018\/08\/plakat_A3_web-1-212x300.jpg 212w, https:\/\/www.svpfaffenhofen.de\/wp-content\/uploads\/2018\/08\/plakat_A3_web-1-768x1086.jpg 768w\" sizes=\"(max-width: 724px) 100vw, 724px\" \/><\/a><\/figure><\/div>","protected":false},"excerpt":{"rendered":"<p>Wir strapazieren im Oktober wieder Eure Lachmuskeln! Aktuelle Termine f\u00fcr 2026 09. \/ 10 \/ 11.10. sowie 16. \/ 17. \/ 18.10. und 23. \/ 24.10.2026 N\u00e4here Infos zum Kartenvorverkauf zeitnah! Marianne&nbsp;Petermann J\u00fcrgen Meier Vanessa Popp Petra Schr\u00f6del Peter Krieger&hellip; <\/p>\n","protected":false},"author":1,"featured_media":0,"parent":0,"menu_order":2,"comment_status":"closed","ping_status":"closed","template":"","meta":{"footnotes":""},"_links":{"self":[{"href":"https:\/\/www.svpfaffenhofen.de\/index.php?rest_route=\/wp\/v2\/pages\/64"}],"collection":[{"href":"https:\/\/www.svpfaffenhofen.de\/index.php?rest_route=\/wp\/v2\/pages"}],"about":[{"href":"https:\/\/www.svpfaffenhofen.de\/index.php?rest_route=\/wp\/v2\/types\/page"}],"author":[{"embeddable":true,"href":"https:\/\/www.svpfaffenhofen.de\/index.php?rest_route=\/wp\/v2\/users\/1"}],"replies":[{"embeddable":true,"href":"https:\/\/www.svpfaffenhofen.de\/index.php?rest_route=%2Fwp%2Fv2%2Fcomments&post=64"}],"version-history":[{"count":23,"href":"https:\/\/www.svpfaffenhofen.de\/index.php?rest_route=\/wp\/v2\/pages\/64\/revisions"}],"predecessor-version":[{"id":3137,"href":"https:\/\/www.svpfaffenhofen.de\/index.php?rest_route=\/wp\/v2\/pages\/64\/revisions\/3137"}],"wp:attachment":[{"href":"https:\/\/www.svpfaffenhofen.de\/index.php?rest_route=%2Fwp%2Fv2%2Fmedia&parent=64"}],"curies":[{"name":"wp","href":"https:\/\/api.w.org\/{rel}","templated":true}]}}