{"id":66,"date":"2016-04-14T11:11:31","date_gmt":"2016-04-14T09:11:31","guid":{"rendered":"http:\/\/svpfaffenhofen.de\/?page_id=66"},"modified":"2022-02-11T21:08:54","modified_gmt":"2022-02-11T20:08:54","slug":"volleyball","status":"publish","type":"page","link":"https:\/\/www.svpfaffenhofen.de\/?page_id=66","title":{"rendered":"Volleyball"},"content":{"rendered":"<p><img loading=\"lazy\" decoding=\"async\" class=\" wp-image-434 alignleft\" src=\"http:\/\/svpfaffenhofen.de\/wp-content\/uploads\/2016\/04\/volleyball_000.jpg\" alt=\"volleyball_000\" width=\"141\" height=\"141\" srcset=\"https:\/\/www.svpfaffenhofen.de\/wp-content\/uploads\/2016\/04\/volleyball_000.jpg 600w, https:\/\/www.svpfaffenhofen.de\/wp-content\/uploads\/2016\/04\/volleyball_000-150x150.jpg 150w, https:\/\/www.svpfaffenhofen.de\/wp-content\/uploads\/2016\/04\/volleyball_000-300x300.jpg 300w, https:\/\/www.svpfaffenhofen.de\/wp-content\/uploads\/2016\/04\/volleyball_000-230x230.jpg 230w\" sizes=\"(max-width: 141px) 100vw, 141px\" \/>Die Abteilung Volleyball besteht aus\u00a0knapp 20 Mitgliedern.<\/p>\n<p>In dieser Stunde geht es haupts\u00e4chlich um den Spa\u00df und die Freude am Volleyball.<\/p>\n<p>Im Winter wird ausschlie\u00dflich in der Mehrzweckhalle gepielt und im Sommer auf dem vereinseigenen Beachvolleyballfeld, welches sich hinter dem SVP-Vereinsheim befindet.<\/p>\n<p>Des Weiteren wird immer wieder an verschiedenen Turnieren teilgenommen.<\/p>\n<p>Neue Volleyballer:innen sind jederzeit herzlich willkommen!<\/p>\n<table style=\"height: 189px;\" width=\"419\">\n<tbody>\n<tr>\n<td>\u00a0Trainingszeiten:<\/td>\n<td><strong>Winter:<\/strong><br \/>\nMontag 19:00 &#8211; 20:00 Uhr<br \/>\nMehrzweckhalle Pfaffenhofen<\/td>\n<\/tr>\n<tr>\n<td><\/td>\n<td><strong>Sommer (witterungsbedingt):<\/strong><br \/>\nMontag 19:00 &#8211; 20:00 Uhr<br \/>\nBeachvolleyballfeld<\/td>\n<\/tr>\n<tr>\n<td>\u00a0\u00dcbungsleiterin:<\/td>\n<td>Elfi Heinisch<\/td>\n<\/tr>\n<\/tbody>\n<\/table>\n","protected":false},"excerpt":{"rendered":"<p>Die Abteilung Volleyball besteht aus\u00a0knapp 20 Mitgliedern. In dieser Stunde geht es haupts\u00e4chlich um den Spa\u00df und die Freude am Volleyball. Im Winter wird ausschlie\u00dflich in der Mehrzweckhalle gepielt und im Sommer auf dem vereinseigenen Beachvolleyballfeld, welches sich hinter dem&hellip; <\/p>\n","protected":false},"author":1,"featured_media":0,"parent":38,"menu_order":0,"comment_status":"closed","ping_status":"closed","template":"","meta":{"footnotes":""},"_links":{"self":[{"href":"https:\/\/www.svpfaffenhofen.de\/index.php?rest_route=\/wp\/v2\/pages\/66"}],"collection":[{"href":"https:\/\/www.svpfaffenhofen.de\/index.php?rest_route=\/wp\/v2\/pages"}],"about":[{"href":"https:\/\/www.svpfaffenhofen.de\/index.php?rest_route=\/wp\/v2\/types\/page"}],"author":[{"embeddable":true,"href":"https:\/\/www.svpfaffenhofen.de\/index.php?rest_route=\/wp\/v2\/users\/1"}],"replies":[{"embeddable":true,"href":"https:\/\/www.svpfaffenhofen.de\/index.php?rest_route=%2Fwp%2Fv2%2Fcomments&post=66"}],"version-history":[{"count":11,"href":"https:\/\/www.svpfaffenhofen.de\/index.php?rest_route=\/wp\/v2\/pages\/66\/revisions"}],"predecessor-version":[{"id":2632,"href":"https:\/\/www.svpfaffenhofen.de\/index.php?rest_route=\/wp\/v2\/pages\/66\/revisions\/2632"}],"up":[{"embeddable":true,"href":"https:\/\/www.svpfaffenhofen.de\/index.php?rest_route=\/wp\/v2\/pages\/38"}],"wp:attachment":[{"href":"https:\/\/www.svpfaffenhofen.de\/index.php?rest_route=%2Fwp%2Fv2%2Fmedia&parent=66"}],"curies":[{"name":"wp","href":"https:\/\/api.w.org\/{rel}","templated":true}]}}