{"id":70,"date":"2016-04-14T11:12:53","date_gmt":"2016-04-14T09:12:53","guid":{"rendered":"http:\/\/svpfaffenhofen.de\/?page_id=70"},"modified":"2020-03-03T18:27:37","modified_gmt":"2020-03-03T17:27:37","slug":"seniorengymnastik","status":"publish","type":"page","link":"https:\/\/www.svpfaffenhofen.de\/?page_id=70","title":{"rendered":"Seniorengymnastik"},"content":{"rendered":"<p><img loading=\"lazy\" decoding=\"async\" class=\"wp-image-412 alignleft\" src=\"http:\/\/svpfaffenhofen.de\/wp-content\/uploads\/2016\/04\/seniorengymnastik.jpg\" alt=\"seniorengymnastik\" width=\"306\" height=\"187\" srcset=\"https:\/\/www.svpfaffenhofen.de\/wp-content\/uploads\/2016\/04\/seniorengymnastik.jpg 1036w, https:\/\/www.svpfaffenhofen.de\/wp-content\/uploads\/2016\/04\/seniorengymnastik-300x184.jpg 300w, https:\/\/www.svpfaffenhofen.de\/wp-content\/uploads\/2016\/04\/seniorengymnastik-768x471.jpg 768w, https:\/\/www.svpfaffenhofen.de\/wp-content\/uploads\/2016\/04\/seniorengymnastik-1024x628.jpg 1024w\" sizes=\"(max-width: 306px) 100vw, 306px\" \/>In dieser Gruppe befinden sich Teilnehmer(innen) im Alter zwischen 60 \u2013 84 Jahren, welche regelm\u00e4\u00dfig aktiv am Sport teilnehmen.<\/p>\n<p>Die \u00dcbungen, welche zur Muskelkr\u00e4ftigung, f\u00fcr die Beweglichkeit aber auch f\u00fcr die geistige Fitness ausgef\u00fchrt werden, k\u00f6nnen\u00a0haupts\u00e4chlich vom Stuhl aus absolviert werden.<\/p>\n<p>Das Programm beinhaltet Koordinationsschulung, Sturzprohylaxe, Kraft- und Dehn\u00fcbungen, sowie Ged\u00e4chtnistraining.<\/p>\n<p>Dabei kommen verschiedene Handger\u00e4te zum Einsatz wie z.B. Ball, Stab, Theraband, Hanteln, K\u00f6rnerkissen, Handtuch und vieles mehr.<\/p>\n<p>Auch die Entspannung kommt hier nicht zu kurz.<\/p>\n<p>&nbsp;<\/p>\n<table>\n<tbody>\n<tr>\n<td>\u00dcbungszeit<\/td>\n<td>Dienstag 09:00 &#8211; 10:00 Uhr<br \/>\nSportheim Pfaffenhofen<\/td>\n<\/tr>\n<tr>\n<td>\u00dcbungsleiterin<\/td>\n<td>Marianne Petermann<br \/>\nTel. 09171 60496<\/td>\n<\/tr>\n<tr>\n<td><\/td>\n<td>Waltraud Kupfer<br \/>\nTel. 09171 60574<\/td>\n<\/tr>\n<\/tbody>\n<\/table>\n<p>&nbsp;<\/p>\n<p><strong>Impressionen vom Seniorennachmittag im September 2017:<\/strong><\/p>\n<p><a href=\"http:\/\/svpfaffenhofen.de\/wp-content\/uploads\/2017\/11\/Handy-neu-059.jpg\"><img loading=\"lazy\" decoding=\"async\" class=\"alignleft size-thumbnail wp-image-1478\" src=\"http:\/\/svpfaffenhofen.de\/wp-content\/uploads\/2017\/11\/Handy-neu-059-150x150.jpg\" alt=\"\" width=\"150\" height=\"150\" srcset=\"https:\/\/www.svpfaffenhofen.de\/wp-content\/uploads\/2017\/11\/Handy-neu-059-150x150.jpg 150w, https:\/\/www.svpfaffenhofen.de\/wp-content\/uploads\/2017\/11\/Handy-neu-059-230x230.jpg 230w\" sizes=\"(max-width: 150px) 100vw, 150px\" \/><\/a> <a href=\"http:\/\/svpfaffenhofen.de\/wp-content\/uploads\/2017\/11\/Handy-neu-050.jpg\"><img loading=\"lazy\" decoding=\"async\" class=\"alignleft size-thumbnail wp-image-1477\" src=\"http:\/\/svpfaffenhofen.de\/wp-content\/uploads\/2017\/11\/Handy-neu-050-150x150.jpg\" alt=\"\" width=\"150\" height=\"150\" srcset=\"https:\/\/www.svpfaffenhofen.de\/wp-content\/uploads\/2017\/11\/Handy-neu-050-150x150.jpg 150w, https:\/\/www.svpfaffenhofen.de\/wp-content\/uploads\/2017\/11\/Handy-neu-050-230x230.jpg 230w\" sizes=\"(max-width: 150px) 100vw, 150px\" \/><\/a> <a href=\"http:\/\/svpfaffenhofen.de\/wp-content\/uploads\/2017\/11\/Handy-neu-048.jpg\"><img loading=\"lazy\" decoding=\"async\" class=\"alignleft size-thumbnail wp-image-1476\" src=\"http:\/\/svpfaffenhofen.de\/wp-content\/uploads\/2017\/11\/Handy-neu-048-150x150.jpg\" alt=\"\" width=\"150\" height=\"150\" srcset=\"https:\/\/www.svpfaffenhofen.de\/wp-content\/uploads\/2017\/11\/Handy-neu-048-150x150.jpg 150w, https:\/\/www.svpfaffenhofen.de\/wp-content\/uploads\/2017\/11\/Handy-neu-048-230x230.jpg 230w\" sizes=\"(max-width: 150px) 100vw, 150px\" \/><\/a> <a href=\"http:\/\/svpfaffenhofen.de\/wp-content\/uploads\/2017\/11\/Handy-neu-070.jpg\"><img loading=\"lazy\" decoding=\"async\" class=\"alignleft size-thumbnail wp-image-1474\" src=\"http:\/\/svpfaffenhofen.de\/wp-content\/uploads\/2017\/11\/Handy-neu-070-150x150.jpg\" alt=\"\" width=\"150\" height=\"150\" srcset=\"https:\/\/www.svpfaffenhofen.de\/wp-content\/uploads\/2017\/11\/Handy-neu-070-150x150.jpg 150w, https:\/\/www.svpfaffenhofen.de\/wp-content\/uploads\/2017\/11\/Handy-neu-070-230x230.jpg 230w\" sizes=\"(max-width: 150px) 100vw, 150px\" \/><\/a> <a href=\"http:\/\/svpfaffenhofen.de\/wp-content\/uploads\/2017\/11\/Handy-neu-065.jpg\"><img loading=\"lazy\" decoding=\"async\" class=\"alignleft size-thumbnail wp-image-1473\" src=\"http:\/\/svpfaffenhofen.de\/wp-content\/uploads\/2017\/11\/Handy-neu-065-150x150.jpg\" alt=\"\" width=\"150\" height=\"150\" srcset=\"https:\/\/www.svpfaffenhofen.de\/wp-content\/uploads\/2017\/11\/Handy-neu-065-150x150.jpg 150w, https:\/\/www.svpfaffenhofen.de\/wp-content\/uploads\/2017\/11\/Handy-neu-065-230x230.jpg 230w\" sizes=\"(max-width: 150px) 100vw, 150px\" \/><\/a> <a href=\"http:\/\/svpfaffenhofen.de\/wp-content\/uploads\/2017\/11\/Handy-neu-064.jpg\"><img loading=\"lazy\" decoding=\"async\" class=\"alignleft size-thumbnail wp-image-1472\" src=\"http:\/\/svpfaffenhofen.de\/wp-content\/uploads\/2017\/11\/Handy-neu-064-150x150.jpg\" alt=\"\" width=\"150\" height=\"150\" srcset=\"https:\/\/www.svpfaffenhofen.de\/wp-content\/uploads\/2017\/11\/Handy-neu-064-150x150.jpg 150w, https:\/\/www.svpfaffenhofen.de\/wp-content\/uploads\/2017\/11\/Handy-neu-064-230x230.jpg 230w\" sizes=\"(max-width: 150px) 100vw, 150px\" \/><\/a><\/p>\n<p>&nbsp;<\/p>\n<p>&nbsp;<\/p>\n<p>&nbsp;<\/p>\n<p>&nbsp;<\/p>\n<p>&nbsp;<\/p>\n<p>&nbsp;<\/p>\n<p>&nbsp;<\/p>\n<p>&nbsp;<\/p>\n<p>&nbsp;<\/p>\n<p><em>Zum Vergr\u00f6\u00dfern bitte auf die Bilder klicken<\/em><\/p>\n","protected":false},"excerpt":{"rendered":"<p>In dieser Gruppe befinden sich Teilnehmer(innen) im Alter zwischen 60 \u2013 84 Jahren, welche regelm\u00e4\u00dfig aktiv am Sport teilnehmen. Die \u00dcbungen, welche zur Muskelkr\u00e4ftigung, f\u00fcr die Beweglichkeit aber auch f\u00fcr die geistige Fitness ausgef\u00fchrt werden, k\u00f6nnen\u00a0haupts\u00e4chlich vom Stuhl aus absolviert&hellip; <\/p>\n","protected":false},"author":1,"featured_media":0,"parent":68,"menu_order":0,"comment_status":"closed","ping_status":"closed","template":"","meta":{"footnotes":""},"_links":{"self":[{"href":"https:\/\/www.svpfaffenhofen.de\/index.php?rest_route=\/wp\/v2\/pages\/70"}],"collection":[{"href":"https:\/\/www.svpfaffenhofen.de\/index.php?rest_route=\/wp\/v2\/pages"}],"about":[{"href":"https:\/\/www.svpfaffenhofen.de\/index.php?rest_route=\/wp\/v2\/types\/page"}],"author":[{"embeddable":true,"href":"https:\/\/www.svpfaffenhofen.de\/index.php?rest_route=\/wp\/v2\/users\/1"}],"replies":[{"embeddable":true,"href":"https:\/\/www.svpfaffenhofen.de\/index.php?rest_route=%2Fwp%2Fv2%2Fcomments&post=70"}],"version-history":[{"count":9,"href":"https:\/\/www.svpfaffenhofen.de\/index.php?rest_route=\/wp\/v2\/pages\/70\/revisions"}],"predecessor-version":[{"id":2217,"href":"https:\/\/www.svpfaffenhofen.de\/index.php?rest_route=\/wp\/v2\/pages\/70\/revisions\/2217"}],"up":[{"embeddable":true,"href":"https:\/\/www.svpfaffenhofen.de\/index.php?rest_route=\/wp\/v2\/pages\/68"}],"wp:attachment":[{"href":"https:\/\/www.svpfaffenhofen.de\/index.php?rest_route=%2Fwp%2Fv2%2Fmedia&parent=70"}],"curies":[{"name":"wp","href":"https:\/\/api.w.org\/{rel}","templated":true}]}}