{"id":76,"date":"2016-04-14T11:14:00","date_gmt":"2016-04-14T09:14:00","guid":{"rendered":"http:\/\/svpfaffenhofen.de\/?page_id=76"},"modified":"2026-01-17T13:18:02","modified_gmt":"2026-01-17T12:18:02","slug":"jugend","status":"publish","type":"page","link":"https:\/\/www.svpfaffenhofen.de\/?page_id=76","title":{"rendered":"Fu\u00dfball | Junioren"},"content":{"rendered":"<p>Wir legen viel Wert auf unsere Jugend, deshalb versuchen wir unseren Junioren und Juniorinnen mit Spa\u00df und Freude beim Fu\u00dfball zu f\u00f6rdern.<\/p>\n<p>Unsere Mannschaften sind in den einzelnen Altersgruppen in verschiedenen Spielgemeinschaften untergebracht.<\/p>\n<p>So arbeitet der SV Pfaffenhofen erfolgreich mit dem TSV Rothaurach und dem TV 21 B\u00fcchenbach zusammen.<\/p>\n<p>Weitere Infos finden sich unter dem jeweiligen Reiter, oder ihr erhaltet sie auch bei unserem Jugendleiter Christian Heinz unter jugend@svpfaffenhofen.de<\/p>\n<p>Wir freuen uns immer \u00fcber neue fu\u00dfballbegeisterte Kids und Jugendliche!<\/p>\n<p><a href=\"http:\/\/svpfaffenhofen.de\/?page_id=88\">U-7-Junioren<\/a><\/p>\n<p><a href=\"http:\/\/svpfaffenhofen.de\/?page_id=387\">U-9-Junioren<\/a><\/p>\n<p><a href=\"http:\/\/svpfaffenhofen.de\/?page_id=883\">U-11-Junioren<\/a><\/p>\n<p><a href=\"http:\/\/svpfaffenhofen.de\/?page_id=84\">U-13-Junioren<\/a><\/p>\n<p><a style=\"font-family: Helvetica, sans-serif; font-size: 14px; font-style: normal; font-weight: 400; color: #439f55;\" href=\"http:\/\/svpfaffenhofen.de\/?page_id=82\">U-15-Junioren<\/a><\/p>\n<p><a href=\"http:\/\/svpfaffenhofen.de\/?page_id=1346\">U-17-Junioren<\/a><\/p>\n<p><a href=\"http:\/\/svpfaffenhofen.de\/?page_id=78\">U-19-Junioren<\/a><\/p>\n","protected":false},"excerpt":{"rendered":"<p>Wir legen viel Wert auf unsere Jugend, deshalb versuchen wir unseren Junioren und Juniorinnen mit Spa\u00df und Freude beim Fu\u00dfball zu f\u00f6rdern. Unsere Mannschaften sind in den einzelnen Altersgruppen in verschiedenen Spielgemeinschaften untergebracht. So arbeitet der SV Pfaffenhofen erfolgreich mit&hellip; <\/p>\n","protected":false},"author":1,"featured_media":0,"parent":123,"menu_order":2,"comment_status":"closed","ping_status":"closed","template":"","meta":{"footnotes":""},"_links":{"self":[{"href":"https:\/\/www.svpfaffenhofen.de\/index.php?rest_route=\/wp\/v2\/pages\/76"}],"collection":[{"href":"https:\/\/www.svpfaffenhofen.de\/index.php?rest_route=\/wp\/v2\/pages"}],"about":[{"href":"https:\/\/www.svpfaffenhofen.de\/index.php?rest_route=\/wp\/v2\/types\/page"}],"author":[{"embeddable":true,"href":"https:\/\/www.svpfaffenhofen.de\/index.php?rest_route=\/wp\/v2\/users\/1"}],"replies":[{"embeddable":true,"href":"https:\/\/www.svpfaffenhofen.de\/index.php?rest_route=%2Fwp%2Fv2%2Fcomments&post=76"}],"version-history":[{"count":20,"href":"https:\/\/www.svpfaffenhofen.de\/index.php?rest_route=\/wp\/v2\/pages\/76\/revisions"}],"predecessor-version":[{"id":3170,"href":"https:\/\/www.svpfaffenhofen.de\/index.php?rest_route=\/wp\/v2\/pages\/76\/revisions\/3170"}],"up":[{"embeddable":true,"href":"https:\/\/www.svpfaffenhofen.de\/index.php?rest_route=\/wp\/v2\/pages\/123"}],"wp:attachment":[{"href":"https:\/\/www.svpfaffenhofen.de\/index.php?rest_route=%2Fwp%2Fv2%2Fmedia&parent=76"}],"curies":[{"name":"wp","href":"https:\/\/api.w.org\/{rel}","templated":true}]}}