{"id":94,"date":"2016-04-14T11:26:54","date_gmt":"2016-04-14T09:26:54","guid":{"rendered":"http:\/\/svpfaffenhofen.de\/?page_id=94"},"modified":"2020-03-03T19:13:14","modified_gmt":"2020-03-03T18:13:14","slug":"impressum","status":"publish","type":"page","link":"https:\/\/www.svpfaffenhofen.de\/?page_id=94","title":{"rendered":"Impressum"},"content":{"rendered":"<div class=\"entry-content clearfix\">\n<table>\n<tbody>\n<tr>\n<td>Sportverein Pfaffenhofen 1949 e.V.<\/td>\n<\/tr>\n<tr>\n<td>Tillystr. 52<\/td>\n<\/tr>\n<tr>\n<td>91154 Roth-Pfaffenhofen<\/td>\n<\/tr>\n<tr>\n<td>E-Mail: <a><strong>mail@svpfaffenhofen.de<\/strong><\/a><\/td>\n<\/tr>\n<tr>\n<td>IBAN: DE94 7645 0000 0430 8755 59, BIC: BYLADEM1SRS<\/td>\n<\/tr>\n<\/tbody>\n<\/table>\n<p>Vereinsregisternummer VR 10182<br \/>\nAmtsgericht N\u00fcrnberg<\/p>\n<p>BLSV-Mitgliedsnummer: V50553<\/p>\n<p><span style=\"font-size: 14px;\">Vertretungsberechtigter Vorstand: J\u00fcrgen Klieber<br \/>\n<\/span><span style=\"font-size: 14px;\">Inhaltlich Verantwortlicher gem\u00e4\u00df \u00a7 55 Abs. 2 RStV:\u00a0J\u00fcrgen Klieber<\/span><\/p>\n<\/div>\n<div class=\"entry-content clearfix\">\n<p><strong>Haftungshinweis:<\/strong> Trotz sorgf\u00e4ltiger inhaltlicher Kontrolle \u00fcbernehmen wir keine Haftung f\u00fcr die Inhalte externer Links. F\u00fcr den Inhalt der verlinkten Seiten sind ausschlie\u00dflich deren Betreiber verantwortlich.<\/p>\n<\/div>\n","protected":false},"excerpt":{"rendered":"<p>Sportverein Pfaffenhofen 1949 e.V. Tillystr. 52 91154 Roth-Pfaffenhofen E-Mail: mail@svpfaffenhofen.de IBAN: DE94 7645 0000 0430 8755 59, BIC: BYLADEM1SRS Vereinsregisternummer VR 10182 Amtsgericht N\u00fcrnberg BLSV-Mitgliedsnummer: V50553 Vertretungsberechtigter Vorstand: J\u00fcrgen Klieber Inhaltlich Verantwortlicher gem\u00e4\u00df \u00a7 55 Abs. 2 RStV:\u00a0J\u00fcrgen Klieber Haftungshinweis:&hellip; <\/p>\n","protected":false},"author":1,"featured_media":0,"parent":27,"menu_order":1,"comment_status":"closed","ping_status":"closed","template":"","meta":{"footnotes":""},"_links":{"self":[{"href":"https:\/\/www.svpfaffenhofen.de\/index.php?rest_route=\/wp\/v2\/pages\/94"}],"collection":[{"href":"https:\/\/www.svpfaffenhofen.de\/index.php?rest_route=\/wp\/v2\/pages"}],"about":[{"href":"https:\/\/www.svpfaffenhofen.de\/index.php?rest_route=\/wp\/v2\/types\/page"}],"author":[{"embeddable":true,"href":"https:\/\/www.svpfaffenhofen.de\/index.php?rest_route=\/wp\/v2\/users\/1"}],"replies":[{"embeddable":true,"href":"https:\/\/www.svpfaffenhofen.de\/index.php?rest_route=%2Fwp%2Fv2%2Fcomments&post=94"}],"version-history":[{"count":19,"href":"https:\/\/www.svpfaffenhofen.de\/index.php?rest_route=\/wp\/v2\/pages\/94\/revisions"}],"predecessor-version":[{"id":2239,"href":"https:\/\/www.svpfaffenhofen.de\/index.php?rest_route=\/wp\/v2\/pages\/94\/revisions\/2239"}],"up":[{"embeddable":true,"href":"https:\/\/www.svpfaffenhofen.de\/index.php?rest_route=\/wp\/v2\/pages\/27"}],"wp:attachment":[{"href":"https:\/\/www.svpfaffenhofen.de\/index.php?rest_route=%2Fwp%2Fv2%2Fmedia&parent=94"}],"curies":[{"name":"wp","href":"https:\/\/api.w.org\/{rel}","templated":true}]}}